{"id":321,"date":"2022-06-30T12:45:04","date_gmt":"2022-06-30T18:45:04","guid":{"rendered":"https:\/\/lujoenceramica.com.mx\/?page_id=321"},"modified":"2022-09-05T16:10:50","modified_gmt":"2022-09-05T22:10:50","slug":"mingitorios","status":"publish","type":"page","link":"https:\/\/lujoenceramica.com.mx\/index.php\/mingitorios\/","title":{"rendered":"mingitorios"},"content":{"rendered":"\t\t<div data-elementor-type=\"wp-page\" data-elementor-id=\"321\" class=\"elementor elementor-321\">\n\t\t\t\t\t\t\t\t\t<section class=\"elementor-section elementor-top-section elementor-element elementor-element-b1c8334 elementor-section-full_width elementor-section-height-min-height elementor-section-items-stretch elementor-section-height-default\" data-id=\"b1c8334\" data-element_type=\"section\" data-settings=\"{&quot;background_background&quot;:&quot;gradient&quot;}\">\n\t\t\t\t\t\t<div class=\"elementor-container elementor-column-gap-no\">\n\t\t\t\t\t<div class=\"elementor-column elementor-col-50 elementor-top-column elementor-element elementor-element-f72fb5b\" data-id=\"f72fb5b\" data-element_type=\"column\">\n\t\t\t<div class=\"elementor-widget-wrap elementor-element-populated\">\n\t\t\t\t\t\t\t\t<div class=\"elementor-element elementor-element-4a7db41 elementor-invisible elementor-widget elementor-widget-heading\" data-id=\"4a7db41\" data-element_type=\"widget\" data-settings=\"{&quot;_animation&quot;:&quot;fadeInUp&quot;}\" data-widget_type=\"heading.default\">\n\t\t\t\t<div class=\"elementor-widget-container\">\n\t\t\t<style>\/*! elementor - v3.7.1 - 14-08-2022 *\/\n.elementor-heading-title{padding:0;margin:0;line-height:1}.elementor-widget-heading .elementor-heading-title[class*=elementor-size-]>a{color:inherit;font-size:inherit;line-height:inherit}.elementor-widget-heading .elementor-heading-title.elementor-size-small{font-size:15px}.elementor-widget-heading .elementor-heading-title.elementor-size-medium{font-size:19px}.elementor-widget-heading .elementor-heading-title.elementor-size-large{font-size:29px}.elementor-widget-heading .elementor-heading-title.elementor-size-xl{font-size:39px}.elementor-widget-heading .elementor-heading-title.elementor-size-xxl{font-size:59px}<\/style><h1 class=\"elementor-heading-title elementor-size-default\">Mingitorios<\/h1>\t\t<\/div>\n\t\t\t\t<\/div>\n\t\t\t\t<div class=\"elementor-element elementor-element-7662b39 elementor-invisible elementor-widget elementor-widget-heading\" data-id=\"7662b39\" data-element_type=\"widget\" data-settings=\"{&quot;_animation&quot;:&quot;fadeIn&quot;}\" data-widget_type=\"heading.default\">\n\t\t\t\t<div class=\"elementor-widget-container\">\n\t\t\t<h3 class=\"elementor-heading-title elementor-size-default\">Versatilidad, f\u00e1cil limpieza e instalaci\u00f3n<\/h3>\t\t<\/div>\n\t\t\t\t<\/div>\n\t\t\t\t\t<\/div>\n\t\t<\/div>\n\t\t\t\t<div class=\"elementor-column elementor-col-50 elementor-top-column elementor-element elementor-element-f1ecd59 animated-slow elementor-invisible\" data-id=\"f1ecd59\" data-element_type=\"column\" data-settings=\"{&quot;background_background&quot;:&quot;classic&quot;,&quot;animation&quot;:&quot;fadeIn&quot;}\">\n\t\t\t<div class=\"elementor-widget-wrap\">\n\t\t\t\t\t\t\t\t\t<\/div>\n\t\t<\/div>\n\t\t\t\t\t\t\t<\/div>\n\t\t<\/section>\n\t\t\t\t<section class=\"elementor-section elementor-top-section elementor-element elementor-element-f99f4d7 elementor-section-boxed elementor-section-height-default elementor-section-height-default\" data-id=\"f99f4d7\" data-element_type=\"section\" data-settings=\"{&quot;background_background&quot;:&quot;gradient&quot;}\">\n\t\t\t\t\t\t<div class=\"elementor-container elementor-column-gap-no\">\n\t\t\t\t\t<div class=\"elementor-column elementor-col-100 elementor-top-column elementor-element elementor-element-8c33710\" data-id=\"8c33710\" data-element_type=\"column\">\n\t\t\t<div class=\"elementor-widget-wrap elementor-element-populated\">\n\t\t\t\t\t\t\t\t<section class=\"elementor-section elementor-inner-section elementor-element elementor-element-24b092a elementor-section-content-top elementor-section-boxed elementor-section-height-default elementor-section-height-default\" data-id=\"24b092a\" data-element_type=\"section\">\n\t\t\t\t\t\t<div class=\"elementor-container elementor-column-gap-custom\">\n\t\t\t\t\t<div class=\"elementor-column elementor-col-33 elementor-inner-column elementor-element elementor-element-01598b5\" data-id=\"01598b5\" data-element_type=\"column\">\n\t\t\t<div class=\"elementor-widget-wrap elementor-element-populated\">\n\t\t\t\t\t\t\t\t<div class=\"elementor-element elementor-element-f38513a elementor-widget elementor-widget-heading\" data-id=\"f38513a\" data-element_type=\"widget\" data-widget_type=\"heading.default\">\n\t\t\t\t<div class=\"elementor-widget-container\">\n\t\t\t<h3 class=\"elementor-heading-title elementor-size-default\">Garant\u00eda<\/h3>\t\t<\/div>\n\t\t\t\t<\/div>\n\t\t\t\t<div class=\"elementor-element elementor-element-ac33ccb elementor-widget elementor-widget-text-editor\" data-id=\"ac33ccb\" data-element_type=\"widget\" data-widget_type=\"text-editor.default\">\n\t\t\t\t<div class=\"elementor-widget-container\">\n\t\t\t<style>\/*! elementor - v3.7.1 - 14-08-2022 *\/\n.elementor-widget-text-editor.elementor-drop-cap-view-stacked .elementor-drop-cap{background-color:#818a91;color:#fff}.elementor-widget-text-editor.elementor-drop-cap-view-framed .elementor-drop-cap{color:#818a91;border:3px solid;background-color:transparent}.elementor-widget-text-editor:not(.elementor-drop-cap-view-default) .elementor-drop-cap{margin-top:8px}.elementor-widget-text-editor:not(.elementor-drop-cap-view-default) .elementor-drop-cap-letter{width:1em;height:1em}.elementor-widget-text-editor .elementor-drop-cap{float:left;text-align:center;line-height:1;font-size:50px}.elementor-widget-text-editor .elementor-drop-cap-letter{display:inline-block}<\/style>\t\t\t\t<p>10 a\u00f1os en cer\u00e1mica<br \/>2 en Herrajes<\/p>\t\t\t\t\t\t<\/div>\n\t\t\t\t<\/div>\n\t\t\t\t\t<\/div>\n\t\t<\/div>\n\t\t\t\t<div class=\"elementor-column elementor-col-33 elementor-inner-column elementor-element elementor-element-165dc49\" data-id=\"165dc49\" data-element_type=\"column\">\n\t\t\t<div class=\"elementor-widget-wrap elementor-element-populated\">\n\t\t\t\t\t\t\t\t<div class=\"elementor-element elementor-element-5af3f3c elementor-widget elementor-widget-heading\" data-id=\"5af3f3c\" data-element_type=\"widget\" data-widget_type=\"heading.default\">\n\t\t\t\t<div class=\"elementor-widget-container\">\n\t\t\t<h3 class=\"elementor-heading-title elementor-size-default\">ECOL\u00d3GICO<\/h3>\t\t<\/div>\n\t\t\t\t<\/div>\n\t\t\t\t<div class=\"elementor-element elementor-element-c5ae391 elementor-widget elementor-widget-text-editor\" data-id=\"c5ae391\" data-element_type=\"widget\" data-widget_type=\"text-editor.default\">\n\t\t\t\t<div class=\"elementor-widget-container\">\n\t\t\t\t\t\t\t<p>CERTIFICADO DE AHORRO NOM, menos de 5l. por cada descarga.<\/p>\t\t\t\t\t\t<\/div>\n\t\t\t\t<\/div>\n\t\t\t\t\t<\/div>\n\t\t<\/div>\n\t\t\t\t<div class=\"elementor-column elementor-col-33 elementor-inner-column elementor-element elementor-element-5419df9\" data-id=\"5419df9\" data-element_type=\"column\">\n\t\t\t<div class=\"elementor-widget-wrap elementor-element-populated\">\n\t\t\t\t\t\t\t\t<div class=\"elementor-element elementor-element-6b64f5f elementor-widget elementor-widget-heading\" data-id=\"6b64f5f\" data-element_type=\"widget\" data-widget_type=\"heading.default\">\n\t\t\t\t<div class=\"elementor-widget-container\">\n\t\t\t<h3 class=\"elementor-heading-title elementor-size-default\">Dise\u00f1o<\/h3>\t\t<\/div>\n\t\t\t\t<\/div>\n\t\t\t\t<div class=\"elementor-element elementor-element-dcd8dbc elementor-widget elementor-widget-text-editor\" data-id=\"dcd8dbc\" data-element_type=\"widget\" data-widget_type=\"text-editor.default\">\n\t\t\t\t<div class=\"elementor-widget-container\">\n\t\t\t\t\t\t\t<p>Dise\u00f1o moderno que se integra a cualquier entorno.<\/p>\t\t\t\t\t\t<\/div>\n\t\t\t\t<\/div>\n\t\t\t\t\t<\/div>\n\t\t<\/div>\n\t\t\t\t\t\t\t<\/div>\n\t\t<\/section>\n\t\t\t\t\t<\/div>\n\t\t<\/div>\n\t\t\t\t\t\t\t<\/div>\n\t\t<\/section>\n\t\t\t\t<section class=\"elementor-section elementor-top-section elementor-element elementor-element-5bc0e68 elementor-section-full_width elementor-section-height-default elementor-section-height-default elementor-invisible\" data-id=\"5bc0e68\" data-element_type=\"section\" data-settings=\"{&quot;background_background&quot;:&quot;classic&quot;,&quot;animation&quot;:&quot;fadeIn&quot;}\">\n\t\t\t\t\t\t<div class=\"elementor-container elementor-column-gap-custom\">\n\t\t\t\t\t<div class=\"elementor-column elementor-col-33 elementor-top-column elementor-element elementor-element-0f4d93b\" data-id=\"0f4d93b\" data-element_type=\"column\" data-settings=\"{&quot;background_background&quot;:&quot;classic&quot;}\">\n\t\t\t<div class=\"elementor-widget-wrap\">\n\t\t\t\t\t\t\t\t\t<\/div>\n\t\t<\/div>\n\t\t\t\t<div class=\"elementor-column elementor-col-33 elementor-top-column elementor-element elementor-element-faa3ae8\" data-id=\"faa3ae8\" data-element_type=\"column\" data-settings=\"{&quot;background_background&quot;:&quot;classic&quot;}\">\n\t\t\t<div class=\"elementor-widget-wrap elementor-element-populated\">\n\t\t\t\t\t\t\t\t<div class=\"elementor-element elementor-element-25e6f2d elementor-vertical-align-middle elementor-position-top elementor-widget elementor-widget-image-box\" data-id=\"25e6f2d\" data-element_type=\"widget\" data-widget_type=\"image-box.default\">\n\t\t\t\t<div class=\"elementor-widget-container\">\n\t\t\t<style>\/*! elementor - v3.7.1 - 14-08-2022 *\/\n.elementor-widget-image-box .elementor-image-box-content{width:100%}@media (min-width:768px){.elementor-widget-image-box.elementor-position-left .elementor-image-box-wrapper,.elementor-widget-image-box.elementor-position-right .elementor-image-box-wrapper{display:-webkit-box;display:-ms-flexbox;display:flex}.elementor-widget-image-box.elementor-position-right .elementor-image-box-wrapper{text-align:right;-webkit-box-orient:horizontal;-webkit-box-direction:reverse;-ms-flex-direction:row-reverse;flex-direction:row-reverse}.elementor-widget-image-box.elementor-position-left .elementor-image-box-wrapper{text-align:left;-webkit-box-orient:horizontal;-webkit-box-direction:normal;-ms-flex-direction:row;flex-direction:row}.elementor-widget-image-box.elementor-position-top .elementor-image-box-img{margin:auto}.elementor-widget-image-box.elementor-vertical-align-top .elementor-image-box-wrapper{-webkit-box-align:start;-ms-flex-align:start;align-items:flex-start}.elementor-widget-image-box.elementor-vertical-align-middle .elementor-image-box-wrapper{-webkit-box-align:center;-ms-flex-align:center;align-items:center}.elementor-widget-image-box.elementor-vertical-align-bottom .elementor-image-box-wrapper{-webkit-box-align:end;-ms-flex-align:end;align-items:flex-end}}@media (max-width:767px){.elementor-widget-image-box .elementor-image-box-img{margin-left:auto!important;margin-right:auto!important;margin-bottom:15px}}.elementor-widget-image-box .elementor-image-box-img{display:inline-block}.elementor-widget-image-box .elementor-image-box-title a{color:inherit}.elementor-widget-image-box .elementor-image-box-wrapper{text-align:center}.elementor-widget-image-box .elementor-image-box-description{margin:0}<\/style><div class=\"elementor-image-box-wrapper\"><figure class=\"elementor-image-box-img\"><img width=\"721\" height=\"1000\" src=\"https:\/\/lujoenceramica.com.mx\/wp-content\/uploads\/2022\/06\/migitorio3.png\" class=\"elementor-animation-hang attachment-medium_large size-medium_large\" alt=\"\" \/><\/figure><div class=\"elementor-image-box-content\"><h3 class=\"elementor-image-box-title\">EKO MING<\/h3><p class=\"elementor-image-box-description\">\nMingitorio seco ecol\u00f3gico\n<br>\n<strong>Medidas: <\/strong>30x50x36 cms \n<br>\n<strong>Peso: <\/strong>10 kg.\n<\/p><\/div><\/div>\t\t<\/div>\n\t\t\t\t<\/div>\n\t\t\t\t\t<\/div>\n\t\t<\/div>\n\t\t\t\t<div class=\"elementor-column elementor-col-33 elementor-top-column elementor-element elementor-element-8cceeb6\" data-id=\"8cceeb6\" data-element_type=\"column\" data-settings=\"{&quot;background_background&quot;:&quot;classic&quot;}\">\n\t\t\t<div class=\"elementor-widget-wrap\">\n\t\t\t\t\t\t\t\t\t<\/div>\n\t\t<\/div>\n\t\t\t\t\t\t\t<\/div>\n\t\t<\/section>\n\t\t\t\t\t\t\t<\/div>\n\t\t","protected":false},"excerpt":{"rendered":"<p>Mingitorios Versatilidad, f\u00e1cil limpieza e instalaci\u00f3n Garant\u00eda 10 a\u00f1os en cer\u00e1mica2 en Herrajes ECOL\u00d3GICO CERTIFICADO DE AHORRO NOM, menos de 5l. por cada descarga. Dise\u00f1o Dise\u00f1o moderno que se integra a cualquier entorno. EKO MING Mingitorio seco ecol\u00f3gico Medidas: 30x50x36 cms Peso: 10 kg.<\/p>\n","protected":false},"author":2,"featured_media":0,"parent":0,"menu_order":0,"comment_status":"closed","ping_status":"closed","template":"","meta":[],"yoast_head":"<!-- This site is optimized with the Yoast SEO plugin v19.5.1 - https:\/\/yoast.com\/wordpress\/plugins\/seo\/ -->\n<title>mingitorios - Lujo en Cer\u00e1mica<\/title>\n<meta name=\"robots\" content=\"index, follow, max-snippet:-1, max-image-preview:large, max-video-preview:-1\" \/>\n<link rel=\"canonical\" href=\"https:\/\/lujoenceramica.com.mx\/index.php\/mingitorios\/\" \/>\n<meta property=\"og:locale\" content=\"es_ES\" \/>\n<meta property=\"og:type\" content=\"article\" \/>\n<meta property=\"og:title\" content=\"mingitorios - Lujo en Cer\u00e1mica\" \/>\n<meta property=\"og:description\" content=\"Mingitorios Versatilidad, f\u00e1cil limpieza e instalaci\u00f3n Garant\u00eda 10 a\u00f1os en cer\u00e1mica2 en Herrajes ECOL\u00d3GICO CERTIFICADO DE AHORRO NOM, menos de 5l. por cada descarga. Dise\u00f1o Dise\u00f1o moderno que se integra a cualquier entorno. EKO MING Mingitorio seco ecol\u00f3gico Medidas: 30x50x36 cms Peso: 10 kg.\" \/>\n<meta property=\"og:url\" content=\"https:\/\/lujoenceramica.com.mx\/index.php\/mingitorios\/\" \/>\n<meta property=\"og:site_name\" content=\"Lujo en Cer\u00e1mica\" \/>\n<meta property=\"article:modified_time\" content=\"2022-09-05T22:10:50+00:00\" \/>\n<meta property=\"og:image\" content=\"https:\/\/lujoenceramica.com.mx\/wp-content\/uploads\/2022\/06\/migitorio3.png\" \/>\n<meta name=\"twitter:card\" content=\"summary_large_image\" \/>\n<meta name=\"twitter:label1\" content=\"Tiempo de lectura\" \/>\n\t<meta name=\"twitter:data1\" content=\"1 minuto\" \/>\n<script type=\"application\/ld+json\" class=\"yoast-schema-graph\">{\"@context\":\"https:\/\/schema.org\",\"@graph\":[{\"@type\":\"WebPage\",\"@id\":\"https:\/\/lujoenceramica.com.mx\/index.php\/mingitorios\/\",\"url\":\"https:\/\/lujoenceramica.com.mx\/index.php\/mingitorios\/\",\"name\":\"mingitorios - Lujo en Cer\u00e1mica\",\"isPartOf\":{\"@id\":\"https:\/\/lujoenceramica.com.mx\/#website\"},\"datePublished\":\"2022-06-30T18:45:04+00:00\",\"dateModified\":\"2022-09-05T22:10:50+00:00\",\"breadcrumb\":{\"@id\":\"https:\/\/lujoenceramica.com.mx\/index.php\/mingitorios\/#breadcrumb\"},\"inLanguage\":\"es\",\"potentialAction\":[{\"@type\":\"ReadAction\",\"target\":[\"https:\/\/lujoenceramica.com.mx\/index.php\/mingitorios\/\"]}]},{\"@type\":\"BreadcrumbList\",\"@id\":\"https:\/\/lujoenceramica.com.mx\/index.php\/mingitorios\/#breadcrumb\",\"itemListElement\":[{\"@type\":\"ListItem\",\"position\":1,\"name\":\"Portada\",\"item\":\"https:\/\/lujoenceramica.com.mx\/\"},{\"@type\":\"ListItem\",\"position\":2,\"name\":\"mingitorios\"}]},{\"@type\":\"WebSite\",\"@id\":\"https:\/\/lujoenceramica.com.mx\/#website\",\"url\":\"https:\/\/lujoenceramica.com.mx\/\",\"name\":\"Lujo en Cer\u00e1mica\",\"description\":\"El lujo de tu ba\u00f1o\",\"publisher\":{\"@id\":\"https:\/\/lujoenceramica.com.mx\/#organization\"},\"potentialAction\":[{\"@type\":\"SearchAction\",\"target\":{\"@type\":\"EntryPoint\",\"urlTemplate\":\"https:\/\/lujoenceramica.com.mx\/?s={search_term_string}\"},\"query-input\":\"required name=search_term_string\"}],\"inLanguage\":\"es\"},{\"@type\":\"Organization\",\"@id\":\"https:\/\/lujoenceramica.com.mx\/#organization\",\"name\":\"Lujo en cer\u00e1mica\",\"url\":\"https:\/\/lujoenceramica.com.mx\/\",\"sameAs\":[],\"logo\":{\"@type\":\"ImageObject\",\"inLanguage\":\"es\",\"@id\":\"https:\/\/lujoenceramica.com.mx\/#\/schema\/logo\/image\/\",\"url\":\"http:\/\/lujoenceramica.com.mx\/wp-content\/uploads\/2022\/06\/lujologo.png\",\"contentUrl\":\"http:\/\/lujoenceramica.com.mx\/wp-content\/uploads\/2022\/06\/lujologo.png\",\"width\":243,\"height\":131,\"caption\":\"Lujo en cer\u00e1mica\"},\"image\":{\"@id\":\"https:\/\/lujoenceramica.com.mx\/#\/schema\/logo\/image\/\"}}]}<\/script>\n<!-- \/ Yoast SEO plugin. -->","yoast_head_json":{"title":"mingitorios - Lujo en Cer\u00e1mica","robots":{"index":"index","follow":"follow","max-snippet":"max-snippet:-1","max-image-preview":"max-image-preview:large","max-video-preview":"max-video-preview:-1"},"canonical":"https:\/\/lujoenceramica.com.mx\/index.php\/mingitorios\/","og_locale":"es_ES","og_type":"article","og_title":"mingitorios - Lujo en Cer\u00e1mica","og_description":"Mingitorios Versatilidad, f\u00e1cil limpieza e instalaci\u00f3n Garant\u00eda 10 a\u00f1os en cer\u00e1mica2 en Herrajes ECOL\u00d3GICO CERTIFICADO DE AHORRO NOM, menos de 5l. por cada descarga. Dise\u00f1o Dise\u00f1o moderno que se integra a cualquier entorno. EKO MING Mingitorio seco ecol\u00f3gico Medidas: 30x50x36 cms Peso: 10 kg.","og_url":"https:\/\/lujoenceramica.com.mx\/index.php\/mingitorios\/","og_site_name":"Lujo en Cer\u00e1mica","article_modified_time":"2022-09-05T22:10:50+00:00","og_image":[{"url":"https:\/\/lujoenceramica.com.mx\/wp-content\/uploads\/2022\/06\/migitorio3.png"}],"twitter_card":"summary_large_image","twitter_misc":{"Tiempo de lectura":"1 minuto"},"schema":{"@context":"https:\/\/schema.org","@graph":[{"@type":"WebPage","@id":"https:\/\/lujoenceramica.com.mx\/index.php\/mingitorios\/","url":"https:\/\/lujoenceramica.com.mx\/index.php\/mingitorios\/","name":"mingitorios - Lujo en Cer\u00e1mica","isPartOf":{"@id":"https:\/\/lujoenceramica.com.mx\/#website"},"datePublished":"2022-06-30T18:45:04+00:00","dateModified":"2022-09-05T22:10:50+00:00","breadcrumb":{"@id":"https:\/\/lujoenceramica.com.mx\/index.php\/mingitorios\/#breadcrumb"},"inLanguage":"es","potentialAction":[{"@type":"ReadAction","target":["https:\/\/lujoenceramica.com.mx\/index.php\/mingitorios\/"]}]},{"@type":"BreadcrumbList","@id":"https:\/\/lujoenceramica.com.mx\/index.php\/mingitorios\/#breadcrumb","itemListElement":[{"@type":"ListItem","position":1,"name":"Portada","item":"https:\/\/lujoenceramica.com.mx\/"},{"@type":"ListItem","position":2,"name":"mingitorios"}]},{"@type":"WebSite","@id":"https:\/\/lujoenceramica.com.mx\/#website","url":"https:\/\/lujoenceramica.com.mx\/","name":"Lujo en Cer\u00e1mica","description":"El lujo de tu ba\u00f1o","publisher":{"@id":"https:\/\/lujoenceramica.com.mx\/#organization"},"potentialAction":[{"@type":"SearchAction","target":{"@type":"EntryPoint","urlTemplate":"https:\/\/lujoenceramica.com.mx\/?s={search_term_string}"},"query-input":"required name=search_term_string"}],"inLanguage":"es"},{"@type":"Organization","@id":"https:\/\/lujoenceramica.com.mx\/#organization","name":"Lujo en cer\u00e1mica","url":"https:\/\/lujoenceramica.com.mx\/","sameAs":[],"logo":{"@type":"ImageObject","inLanguage":"es","@id":"https:\/\/lujoenceramica.com.mx\/#\/schema\/logo\/image\/","url":"http:\/\/lujoenceramica.com.mx\/wp-content\/uploads\/2022\/06\/lujologo.png","contentUrl":"http:\/\/lujoenceramica.com.mx\/wp-content\/uploads\/2022\/06\/lujologo.png","width":243,"height":131,"caption":"Lujo en cer\u00e1mica"},"image":{"@id":"https:\/\/lujoenceramica.com.mx\/#\/schema\/logo\/image\/"}}]}},"_links":{"self":[{"href":"https:\/\/lujoenceramica.com.mx\/index.php\/wp-json\/wp\/v2\/pages\/321"}],"collection":[{"href":"https:\/\/lujoenceramica.com.mx\/index.php\/wp-json\/wp\/v2\/pages"}],"about":[{"href":"https:\/\/lujoenceramica.com.mx\/index.php\/wp-json\/wp\/v2\/types\/page"}],"author":[{"embeddable":true,"href":"https:\/\/lujoenceramica.com.mx\/index.php\/wp-json\/wp\/v2\/users\/2"}],"replies":[{"embeddable":true,"href":"https:\/\/lujoenceramica.com.mx\/index.php\/wp-json\/wp\/v2\/comments?post=321"}],"version-history":[{"count":56,"href":"https:\/\/lujoenceramica.com.mx\/index.php\/wp-json\/wp\/v2\/pages\/321\/revisions"}],"predecessor-version":[{"id":1534,"href":"https:\/\/lujoenceramica.com.mx\/index.php\/wp-json\/wp\/v2\/pages\/321\/revisions\/1534"}],"wp:attachment":[{"href":"https:\/\/lujoenceramica.com.mx\/index.php\/wp-json\/wp\/v2\/media?parent=321"}],"curies":[{"name":"wp","href":"https:\/\/api.w.org\/{rel}","templated":true}]}}