{"id":1148,"date":"2022-07-04T12:55:21","date_gmt":"2022-07-04T18:55:21","guid":{"rendered":"https:\/\/lujoenceramica.com.mx\/?page_id=1148"},"modified":"2022-07-07T11:14:10","modified_gmt":"2022-07-07T17:14:10","slug":"lujo-en-ceramica-nosotros","status":"publish","type":"page","link":"https:\/\/lujoenceramica.com.mx\/index.php\/lujo-en-ceramica-nosotros\/","title":{"rendered":"Lujo en Ceramica :: Nosotros"},"content":{"rendered":"\t\t<div data-elementor-type=\"wp-page\" data-elementor-id=\"1148\" class=\"elementor elementor-1148\">\n\t\t\t\t\t\t\t\t\t<section class=\"elementor-section elementor-top-section elementor-element elementor-element-814b50c elementor-section-height-min-height elementor-section-items-stretch elementor-section-boxed elementor-section-height-default\" data-id=\"814b50c\" data-element_type=\"section\" data-settings=\"{&quot;background_background&quot;:&quot;classic&quot;}\">\n\t\t\t\t\t\t<div class=\"elementor-container elementor-column-gap-default\">\n\t\t\t\t\t<div class=\"elementor-column elementor-col-50 elementor-top-column elementor-element elementor-element-8af4813\" data-id=\"8af4813\" data-element_type=\"column\">\n\t\t\t<div class=\"elementor-widget-wrap elementor-element-populated\">\n\t\t\t\t\t\t\t\t<div class=\"elementor-element elementor-element-ce147c0 elementor-widget__width-auto elementor-widget elementor-widget-heading\" data-id=\"ce147c0\" data-element_type=\"widget\" data-widget_type=\"heading.default\">\n\t\t\t\t<div class=\"elementor-widget-container\">\n\t\t\t<style>\/*! elementor - v3.7.1 - 14-08-2022 *\/\n.elementor-heading-title{padding:0;margin:0;line-height:1}.elementor-widget-heading .elementor-heading-title[class*=elementor-size-]>a{color:inherit;font-size:inherit;line-height:inherit}.elementor-widget-heading .elementor-heading-title.elementor-size-small{font-size:15px}.elementor-widget-heading .elementor-heading-title.elementor-size-medium{font-size:19px}.elementor-widget-heading .elementor-heading-title.elementor-size-large{font-size:29px}.elementor-widget-heading .elementor-heading-title.elementor-size-xl{font-size:39px}.elementor-widget-heading .elementor-heading-title.elementor-size-xxl{font-size:59px}<\/style><h2 class=\"elementor-heading-title elementor-size-default\">NOSOTROS<\/h2>\t\t<\/div>\n\t\t\t\t<\/div>\n\t\t\t\t\t<\/div>\n\t\t<\/div>\n\t\t\t\t<div class=\"elementor-column elementor-col-50 elementor-top-column elementor-element elementor-element-dcfbab5\" data-id=\"dcfbab5\" data-element_type=\"column\">\n\t\t\t<div class=\"elementor-widget-wrap elementor-element-populated\">\n\t\t\t\t\t\t\t\t<div class=\"elementor-element elementor-element-434eb1f elementor-widget elementor-widget-text-editor\" data-id=\"434eb1f\" data-element_type=\"widget\" data-widget_type=\"text-editor.default\">\n\t\t\t\t<div class=\"elementor-widget-container\">\n\t\t\t<style>\/*! elementor - v3.7.1 - 14-08-2022 *\/\n.elementor-widget-text-editor.elementor-drop-cap-view-stacked .elementor-drop-cap{background-color:#818a91;color:#fff}.elementor-widget-text-editor.elementor-drop-cap-view-framed .elementor-drop-cap{color:#818a91;border:3px solid;background-color:transparent}.elementor-widget-text-editor:not(.elementor-drop-cap-view-default) .elementor-drop-cap{margin-top:8px}.elementor-widget-text-editor:not(.elementor-drop-cap-view-default) .elementor-drop-cap-letter{width:1em;height:1em}.elementor-widget-text-editor .elementor-drop-cap{float:left;text-align:center;line-height:1;font-size:50px}.elementor-widget-text-editor .elementor-drop-cap-letter{display:inline-block}<\/style>\t\t\t\t<p>Estamos orgullosos de ser una empresa que d\u00eda con d\u00eda renueva el compromiso de calidad y servicio para ser de la preferencia de cada uno de nuestros clientes.<\/p><p>Cuidamos cada detalle de nuestros productos, forma, variedad, dise\u00f1o, acabados y calidad de cada componente para entregar al cliente un producto superior y responde a la confianza que los clientes.<\/p>\t\t\t\t\t\t<\/div>\n\t\t\t\t<\/div>\n\t\t\t\t\t<\/div>\n\t\t<\/div>\n\t\t\t\t\t\t\t<\/div>\n\t\t<\/section>\n\t\t\t\t<section class=\"elementor-section elementor-top-section elementor-element elementor-element-65cb723 elementor-section-boxed elementor-section-height-default elementor-section-height-default\" data-id=\"65cb723\" data-element_type=\"section\">\n\t\t\t\t\t\t<div class=\"elementor-container elementor-column-gap-custom\">\n\t\t\t\t\t<div class=\"elementor-column elementor-col-50 elementor-top-column elementor-element elementor-element-d576d5d\" data-id=\"d576d5d\" data-element_type=\"column\">\n\t\t\t<div class=\"elementor-widget-wrap elementor-element-populated\">\n\t\t\t\t\t\t\t\t<div class=\"elementor-element elementor-element-8790a2f elementor-view-default elementor-vertical-align-top elementor-invisible elementor-widget elementor-widget-icon-box\" data-id=\"8790a2f\" data-element_type=\"widget\" data-settings=\"{&quot;_animation&quot;:&quot;fadeInUp&quot;}\" data-widget_type=\"icon-box.default\">\n\t\t\t\t<div class=\"elementor-widget-container\">\n\t\t\t<link rel=\"stylesheet\" href=\"https:\/\/lujoenceramica.com.mx\/wp-content\/plugins\/elementor\/assets\/css\/widget-icon-box.min.css\">\t\t<div class=\"elementor-icon-box-wrapper\">\n\t\t\t\t\t\t<div class=\"elementor-icon-box-content\">\n\t\t\t\t<h3 class=\"elementor-icon-box-title\">\n\t\t\t\t\t<span  >\n\t\t\t\t\t\tMisi\u00f3n\t\t\t\t\t<\/span>\n\t\t\t\t<\/h3>\n\t\t\t\t\t\t\t\t\t<p class=\"elementor-icon-box-description\">\n\t\t\t\t\t\tOfrecer al Mercado productos ecol\u00f3gicos y de bajo precio, con  calidad y  eficiencia.\t\t\t\t\t<\/p>\n\t\t\t\t\t\t\t<\/div>\n\t\t<\/div>\n\t\t\t\t<\/div>\n\t\t\t\t<\/div>\n\t\t\t\t\t<\/div>\n\t\t<\/div>\n\t\t\t\t<div class=\"elementor-column elementor-col-50 elementor-top-column elementor-element elementor-element-f61bea6\" data-id=\"f61bea6\" data-element_type=\"column\">\n\t\t\t<div class=\"elementor-widget-wrap elementor-element-populated\">\n\t\t\t\t\t\t\t\t<div class=\"elementor-element elementor-element-ebfe0cb elementor-view-default elementor-vertical-align-top elementor-invisible elementor-widget elementor-widget-icon-box\" data-id=\"ebfe0cb\" data-element_type=\"widget\" data-settings=\"{&quot;_animation&quot;:&quot;fadeInUp&quot;}\" data-widget_type=\"icon-box.default\">\n\t\t\t\t<div class=\"elementor-widget-container\">\n\t\t\t\t\t<div class=\"elementor-icon-box-wrapper\">\n\t\t\t\t\t\t<div class=\"elementor-icon-box-content\">\n\t\t\t\t<h3 class=\"elementor-icon-box-title\">\n\t\t\t\t\t<span  >\n\t\t\t\t\t\tVisi\u00f3n\t\t\t\t\t<\/span>\n\t\t\t\t<\/h3>\n\t\t\t\t\t\t\t\t\t<p class=\"elementor-icon-box-description\">\n\t\t\t\t\t\tAtender el mercado Mexicano gracias a los  m\u00e1s importantes mayoristas del mercado y estar siempre a la vanguardia en cada uno de  nuestros productos\t\t\t\t\t<\/p>\n\t\t\t\t\t\t\t<\/div>\n\t\t<\/div>\n\t\t\t\t<\/div>\n\t\t\t\t<\/div>\n\t\t\t\t\t<\/div>\n\t\t<\/div>\n\t\t\t\t\t\t\t<\/div>\n\t\t<\/section>\n\t\t\t\t\t\t\t<\/div>\n\t\t","protected":false},"excerpt":{"rendered":"<p>NOSOTROS Estamos orgullosos de ser una empresa que d\u00eda con d\u00eda renueva el compromiso de calidad y servicio para ser de la preferencia de cada uno de nuestros clientes. Cuidamos cada detalle de nuestros productos, forma, variedad, dise\u00f1o, acabados y calidad de cada componente para entregar al cliente un producto superior y responde a la [&hellip;]<\/p>\n","protected":false},"author":2,"featured_media":153,"parent":0,"menu_order":0,"comment_status":"closed","ping_status":"closed","template":"","meta":[],"yoast_head":"<!-- This site is optimized with the Yoast SEO plugin v19.5.1 - https:\/\/yoast.com\/wordpress\/plugins\/seo\/ -->\n<title>Lujo en Ceramica :: Nosotros - Lujo en Cer\u00e1mica<\/title>\n<meta name=\"robots\" content=\"index, follow, max-snippet:-1, max-image-preview:large, max-video-preview:-1\" \/>\n<link rel=\"canonical\" href=\"https:\/\/lujoenceramica.com.mx\/index.php\/lujo-en-ceramica-nosotros\/\" \/>\n<meta property=\"og:locale\" content=\"es_ES\" \/>\n<meta property=\"og:type\" content=\"article\" \/>\n<meta property=\"og:title\" content=\"Lujo en Ceramica :: Nosotros - Lujo en Cer\u00e1mica\" \/>\n<meta property=\"og:description\" content=\"NOSOTROS Estamos orgullosos de ser una empresa que d\u00eda con d\u00eda renueva el compromiso de calidad y servicio para ser de la preferencia de cada uno de nuestros clientes. Cuidamos cada detalle de nuestros productos, forma, variedad, dise\u00f1o, acabados y calidad de cada componente para entregar al cliente un producto superior y responde a la [&hellip;]\" \/>\n<meta property=\"og:url\" content=\"https:\/\/lujoenceramica.com.mx\/index.php\/lujo-en-ceramica-nosotros\/\" \/>\n<meta property=\"og:site_name\" content=\"Lujo en Cer\u00e1mica\" \/>\n<meta property=\"article:modified_time\" content=\"2022-07-07T17:14:10+00:00\" \/>\n<meta property=\"og:image\" content=\"https:\/\/lujoenceramica.com.mx\/wp-content\/uploads\/2022\/06\/image-29.png\" \/>\n\t<meta property=\"og:image:width\" content=\"334\" \/>\n\t<meta property=\"og:image:height\" content=\"322\" \/>\n\t<meta property=\"og:image:type\" content=\"image\/png\" \/>\n<meta name=\"twitter:card\" content=\"summary_large_image\" \/>\n<meta name=\"twitter:label1\" content=\"Tiempo de lectura\" \/>\n\t<meta name=\"twitter:data1\" content=\"1 minuto\" \/>\n<script type=\"application\/ld+json\" class=\"yoast-schema-graph\">{\"@context\":\"https:\/\/schema.org\",\"@graph\":[{\"@type\":\"WebPage\",\"@id\":\"https:\/\/lujoenceramica.com.mx\/index.php\/lujo-en-ceramica-nosotros\/\",\"url\":\"https:\/\/lujoenceramica.com.mx\/index.php\/lujo-en-ceramica-nosotros\/\",\"name\":\"Lujo en Ceramica :: Nosotros - Lujo en Cer\u00e1mica\",\"isPartOf\":{\"@id\":\"https:\/\/lujoenceramica.com.mx\/#website\"},\"datePublished\":\"2022-07-04T18:55:21+00:00\",\"dateModified\":\"2022-07-07T17:14:10+00:00\",\"breadcrumb\":{\"@id\":\"https:\/\/lujoenceramica.com.mx\/index.php\/lujo-en-ceramica-nosotros\/#breadcrumb\"},\"inLanguage\":\"es\",\"potentialAction\":[{\"@type\":\"ReadAction\",\"target\":[\"https:\/\/lujoenceramica.com.mx\/index.php\/lujo-en-ceramica-nosotros\/\"]}]},{\"@type\":\"BreadcrumbList\",\"@id\":\"https:\/\/lujoenceramica.com.mx\/index.php\/lujo-en-ceramica-nosotros\/#breadcrumb\",\"itemListElement\":[{\"@type\":\"ListItem\",\"position\":1,\"name\":\"Portada\",\"item\":\"https:\/\/lujoenceramica.com.mx\/\"},{\"@type\":\"ListItem\",\"position\":2,\"name\":\"Lujo en Ceramica :: Nosotros\"}]},{\"@type\":\"WebSite\",\"@id\":\"https:\/\/lujoenceramica.com.mx\/#website\",\"url\":\"https:\/\/lujoenceramica.com.mx\/\",\"name\":\"Lujo en Cer\u00e1mica\",\"description\":\"El lujo de tu ba\u00f1o\",\"publisher\":{\"@id\":\"https:\/\/lujoenceramica.com.mx\/#organization\"},\"potentialAction\":[{\"@type\":\"SearchAction\",\"target\":{\"@type\":\"EntryPoint\",\"urlTemplate\":\"https:\/\/lujoenceramica.com.mx\/?s={search_term_string}\"},\"query-input\":\"required name=search_term_string\"}],\"inLanguage\":\"es\"},{\"@type\":\"Organization\",\"@id\":\"https:\/\/lujoenceramica.com.mx\/#organization\",\"name\":\"Lujo en cer\u00e1mica\",\"url\":\"https:\/\/lujoenceramica.com.mx\/\",\"sameAs\":[],\"logo\":{\"@type\":\"ImageObject\",\"inLanguage\":\"es\",\"@id\":\"https:\/\/lujoenceramica.com.mx\/#\/schema\/logo\/image\/\",\"url\":\"http:\/\/lujoenceramica.com.mx\/wp-content\/uploads\/2022\/06\/lujologo.png\",\"contentUrl\":\"http:\/\/lujoenceramica.com.mx\/wp-content\/uploads\/2022\/06\/lujologo.png\",\"width\":243,\"height\":131,\"caption\":\"Lujo en cer\u00e1mica\"},\"image\":{\"@id\":\"https:\/\/lujoenceramica.com.mx\/#\/schema\/logo\/image\/\"}}]}<\/script>\n<!-- \/ Yoast SEO plugin. -->","yoast_head_json":{"title":"Lujo en Ceramica :: Nosotros - Lujo en Cer\u00e1mica","robots":{"index":"index","follow":"follow","max-snippet":"max-snippet:-1","max-image-preview":"max-image-preview:large","max-video-preview":"max-video-preview:-1"},"canonical":"https:\/\/lujoenceramica.com.mx\/index.php\/lujo-en-ceramica-nosotros\/","og_locale":"es_ES","og_type":"article","og_title":"Lujo en Ceramica :: Nosotros - Lujo en Cer\u00e1mica","og_description":"NOSOTROS Estamos orgullosos de ser una empresa que d\u00eda con d\u00eda renueva el compromiso de calidad y servicio para ser de la preferencia de cada uno de nuestros clientes. Cuidamos cada detalle de nuestros productos, forma, variedad, dise\u00f1o, acabados y calidad de cada componente para entregar al cliente un producto superior y responde a la [&hellip;]","og_url":"https:\/\/lujoenceramica.com.mx\/index.php\/lujo-en-ceramica-nosotros\/","og_site_name":"Lujo en Cer\u00e1mica","article_modified_time":"2022-07-07T17:14:10+00:00","og_image":[{"width":334,"height":322,"url":"https:\/\/lujoenceramica.com.mx\/wp-content\/uploads\/2022\/06\/image-29.png","type":"image\/png"}],"twitter_card":"summary_large_image","twitter_misc":{"Tiempo de lectura":"1 minuto"},"schema":{"@context":"https:\/\/schema.org","@graph":[{"@type":"WebPage","@id":"https:\/\/lujoenceramica.com.mx\/index.php\/lujo-en-ceramica-nosotros\/","url":"https:\/\/lujoenceramica.com.mx\/index.php\/lujo-en-ceramica-nosotros\/","name":"Lujo en Ceramica :: Nosotros - Lujo en Cer\u00e1mica","isPartOf":{"@id":"https:\/\/lujoenceramica.com.mx\/#website"},"datePublished":"2022-07-04T18:55:21+00:00","dateModified":"2022-07-07T17:14:10+00:00","breadcrumb":{"@id":"https:\/\/lujoenceramica.com.mx\/index.php\/lujo-en-ceramica-nosotros\/#breadcrumb"},"inLanguage":"es","potentialAction":[{"@type":"ReadAction","target":["https:\/\/lujoenceramica.com.mx\/index.php\/lujo-en-ceramica-nosotros\/"]}]},{"@type":"BreadcrumbList","@id":"https:\/\/lujoenceramica.com.mx\/index.php\/lujo-en-ceramica-nosotros\/#breadcrumb","itemListElement":[{"@type":"ListItem","position":1,"name":"Portada","item":"https:\/\/lujoenceramica.com.mx\/"},{"@type":"ListItem","position":2,"name":"Lujo en Ceramica :: Nosotros"}]},{"@type":"WebSite","@id":"https:\/\/lujoenceramica.com.mx\/#website","url":"https:\/\/lujoenceramica.com.mx\/","name":"Lujo en Cer\u00e1mica","description":"El lujo de tu ba\u00f1o","publisher":{"@id":"https:\/\/lujoenceramica.com.mx\/#organization"},"potentialAction":[{"@type":"SearchAction","target":{"@type":"EntryPoint","urlTemplate":"https:\/\/lujoenceramica.com.mx\/?s={search_term_string}"},"query-input":"required name=search_term_string"}],"inLanguage":"es"},{"@type":"Organization","@id":"https:\/\/lujoenceramica.com.mx\/#organization","name":"Lujo en cer\u00e1mica","url":"https:\/\/lujoenceramica.com.mx\/","sameAs":[],"logo":{"@type":"ImageObject","inLanguage":"es","@id":"https:\/\/lujoenceramica.com.mx\/#\/schema\/logo\/image\/","url":"http:\/\/lujoenceramica.com.mx\/wp-content\/uploads\/2022\/06\/lujologo.png","contentUrl":"http:\/\/lujoenceramica.com.mx\/wp-content\/uploads\/2022\/06\/lujologo.png","width":243,"height":131,"caption":"Lujo en cer\u00e1mica"},"image":{"@id":"https:\/\/lujoenceramica.com.mx\/#\/schema\/logo\/image\/"}}]}},"_links":{"self":[{"href":"https:\/\/lujoenceramica.com.mx\/index.php\/wp-json\/wp\/v2\/pages\/1148"}],"collection":[{"href":"https:\/\/lujoenceramica.com.mx\/index.php\/wp-json\/wp\/v2\/pages"}],"about":[{"href":"https:\/\/lujoenceramica.com.mx\/index.php\/wp-json\/wp\/v2\/types\/page"}],"author":[{"embeddable":true,"href":"https:\/\/lujoenceramica.com.mx\/index.php\/wp-json\/wp\/v2\/users\/2"}],"replies":[{"embeddable":true,"href":"https:\/\/lujoenceramica.com.mx\/index.php\/wp-json\/wp\/v2\/comments?post=1148"}],"version-history":[{"count":53,"href":"https:\/\/lujoenceramica.com.mx\/index.php\/wp-json\/wp\/v2\/pages\/1148\/revisions"}],"predecessor-version":[{"id":1274,"href":"https:\/\/lujoenceramica.com.mx\/index.php\/wp-json\/wp\/v2\/pages\/1148\/revisions\/1274"}],"wp:featuredmedia":[{"embeddable":true,"href":"https:\/\/lujoenceramica.com.mx\/index.php\/wp-json\/wp\/v2\/media\/153"}],"wp:attachment":[{"href":"https:\/\/lujoenceramica.com.mx\/index.php\/wp-json\/wp\/v2\/media?parent=1148"}],"curies":[{"name":"wp","href":"https:\/\/api.w.org\/{rel}","templated":true}]}}